{"id":1419,"date":"2025-03-01T11:07:11","date_gmt":"2025-03-01T09:07:11","guid":{"rendered":"https:\/\/cafepalace.ee\/?post_type=product&#038;p=1419"},"modified":"2025-05-20T15:34:08","modified_gmt":"2025-05-20T12:34:08","slug":"sokolaadi-tartlett","status":"publish","type":"product","link":"https:\/\/cafepalace.ee\/en\/product\/sokolaadi-tartlett\/","title":{"rendered":"Chocolate tartlet"},"content":{"rendered":"<p><strong>Contains lactose, gluten, eggs, nuts<\/strong><br \/>\nChocolate cream, Vana Tallinn cream liqueur, hazelnut, strawberry, chocolate mousse<\/p>","protected":false},"excerpt":{"rendered":"<p>Sisaldab laktoosi, gluteeni, muna, p\u00e4hkleid \u0160okolaadikreem, Vana Tallinn koorelik\u00f6\u00f6r, metsp\u00e4hkel, maasikas, \u0161okolaadi mousse<\/p>","protected":false},"featured_media":1420,"template":"","meta":{"_acf_changed":false,"_et_pb_use_builder":"","_et_pb_old_content":"","_et_gb_content_width":"","_monsterinsights_skip_tracking":false,"_monsterinsights_sitenote_active":false,"_monsterinsights_sitenote_note":"","_monsterinsights_sitenote_category":0,"_uf_show_specific_survey":0,"_uf_disable_surveys":false},"product_brand":[],"product_cat":[30],"product_tag":[],"class_list":{"0":"post-1419","1":"product","2":"type-product","3":"status-publish","4":"has-post-thumbnail","6":"product_cat-koogid-ja-desserdid","8":"first","9":"instock","10":"taxable","11":"shipping-taxable","12":"purchasable","13":"product-type-simple"},"acf":[],"aioseo_notices":[],"_links":{"self":[{"href":"https:\/\/cafepalace.ee\/en\/wp-json\/wp\/v2\/product\/1419","targetHints":{"allow":["GET"]}}],"collection":[{"href":"https:\/\/cafepalace.ee\/en\/wp-json\/wp\/v2\/product"}],"about":[{"href":"https:\/\/cafepalace.ee\/en\/wp-json\/wp\/v2\/types\/product"}],"wp:featuredmedia":[{"embeddable":true,"href":"https:\/\/cafepalace.ee\/en\/wp-json\/wp\/v2\/media\/1420"}],"wp:attachment":[{"href":"https:\/\/cafepalace.ee\/en\/wp-json\/wp\/v2\/media?parent=1419"}],"wp:term":[{"taxonomy":"product_brand","embeddable":true,"href":"https:\/\/cafepalace.ee\/en\/wp-json\/wp\/v2\/product_brand?post=1419"},{"taxonomy":"product_cat","embeddable":true,"href":"https:\/\/cafepalace.ee\/en\/wp-json\/wp\/v2\/product_cat?post=1419"},{"taxonomy":"product_tag","embeddable":true,"href":"https:\/\/cafepalace.ee\/en\/wp-json\/wp\/v2\/product_tag?post=1419"}],"curies":[{"name":"wp","href":"https:\/\/api.w.org\/{rel}","templated":true}]}}