{"id":366,"date":"2023-12-07T11:04:02","date_gmt":"2023-12-07T11:04:02","guid":{"rendered":"https:\/\/cafepalace.ee\/?page_id=366"},"modified":"2024-02-21T08:05:08","modified_gmt":"2024-02-21T08:05:08","slug":"kontaktid","status":"publish","type":"page","link":"https:\/\/cafepalace.ee\/en\/kontaktid\/","title":{"rendered":"Contacts"},"content":{"rendered":"<p>[et_pb_section fb_built=&#8221;1&#8243; disabled_on=&#8221;on|off|off&#8221; admin_label=&#8221;Header&#8221; _builder_version=&#8221;4.23.1&#8243; _module_preset=&#8221;default&#8221; use_background_color_gradient=&#8221;on&#8221; background_color_gradient_stops=&#8221;rgba(43,43,43,0.9) 0%|rgba(0,0,2,0.6) 98%&#8221; background_color_gradient_overlays_image=&#8221;on&#8221; background_image=&#8221;https:\/\/cafepalace.ee\/wp-content\/uploads\/2023\/10\/20230917_0162-Edit.jpg&#8221; custom_padding=&#8221;0vw||7px||false|false&#8221; animation_style=&#8221;fade&#8221; animation_duration=&#8221;1500ms&#8221; collapsed=&#8221;off&#8221; global_colors_info=&#8221;{}&#8221;][et_pb_row _builder_version=&#8221;4.21.0&#8243; _module_preset=&#8221;default&#8221; max_width=&#8221;none&#8221; custom_margin=&#8221;|auto|-1vw|auto|false|false&#8221; global_colors_info=&#8221;{}&#8221;][et_pb_column type=&#8221;4_4&#8243; _builder_version=&#8221;4.21.0&#8243; _module_preset=&#8221;default&#8221; global_colors_info=&#8221;{}&#8221;][et_pb_image src=&#8221;https:\/\/cafepalace.ee\/wp-content\/uploads\/2023\/10\/CAFEpalace-logo-white_transparent-background-e1698879590256.png&#8221; title_text=&#8221;CAFEpalace-logo white_transparent background&#8221; align=&#8221;center&#8221; _builder_version=&#8221;4.23&#8243; _module_preset=&#8221;default&#8221; max_width=&#8221;250%&#8221; module_alignment=&#8221;center&#8221; max_height=&#8221;394px&#8221; custom_margin=&#8221;||14px|||&#8221; custom_padding=&#8221;0px||13px|||&#8221; global_colors_info=&#8221;{}&#8221;][\/et_pb_image][et_pb_text _builder_version=&#8221;4.23.1&#8243; _module_preset=&#8221;default&#8221; text_text_color=&#8221;#FFFFFF&#8221; text_font_size=&#8221;18px&#8221; min_height=&#8221;191.4px&#8221; custom_margin=&#8221;11px||||false|false&#8221; custom_padding=&#8221;||3px||false|false&#8221; global_colors_info=&#8221;{}&#8221;]<\/p>\n<p style=\"text-align: center;\"><strong>Kontaktid<\/strong><\/p>\n<p style=\"text-align: center;\"><strong><\/strong><a href=\"tel.:+3726806655\">+372 680 6655<\/a><br \/><a href=\"mailto:info@cafepalace.ee\">info@cafepalace.ee<\/a><\/p>\n<p style=\"text-align: center;\"><strong><\/strong><\/p>\n<p style=\"text-align: center;\"><strong>Asukoht<\/strong><\/p>\n<p style=\"text-align: center;\"><a href=\"https:\/\/maps.app.goo.gl\/AkQjdJ9vXVSxzbYw5\">Vabaduse v\u00e4ljak 3, <\/a><span><a href=\"https:\/\/maps.app.goo.gl\/AkQjdJ9vXVSxzbYw5\">10141 Tallinn<\/a><br \/><\/span><\/p>\n<p>[\/et_pb_text][et_pb_code _builder_version=&#8221;4.23.1&#8243; _module_preset=&#8221;default&#8221; text_orientation=&#8221;center&#8221; custom_margin=&#8221;-30px|||||&#8221; global_colors_info=&#8221;{}&#8221;]<iframe src=\"https:\/\/www.google.com\/maps\/embed?pb=!1m14!1m8!1m3!1d8116.082802770983!2d24.7454912!3d59.4327293!3m2!1i1024!2i768!4f13.1!3m3!1m2!1s0x469295cb4a639421%3A0x6239794c3b7f987c!2sCafe%20Palace!5e0!3m2!1set!2see!4v1701947326293!5m2!1set!2see\" width=\"600\" height=\"450\" style=\"border:0;\" allowfullscreen=\"\" loading=\"lazy\" referrerpolicy=\"no-referrer-when-downgrade\"><\/iframe>[\/et_pb_code][et_pb_text _builder_version=&#8221;4.23.1&#8243; _module_preset=&#8221;default&#8221; text_text_color=&#8221;#FFFFFF&#8221; text_font_size=&#8221;17px&#8221; custom_margin=&#8221;||8px|||&#8221; custom_padding=&#8221;6px||55px|||&#8221; global_colors_info=&#8221;{}&#8221;]<\/p>\n<p style=\"text-align: center;\"><strong>HMP Hotellid O\u00dc<\/strong><\/p>\n<p style=\"text-align: center;\">Reg. code: 16027283<br \/>VAT: EE102282755<\/p>\n<p>[\/et_pb_text][et_pb_social_media_follow icon_color=&#8221;#f6f8eb&#8221; use_icon_font_size=&#8221;on&#8221; icon_font_size=&#8221;19px&#8221; _builder_version=&#8221;4.23.1&#8243; _module_preset=&#8221;default&#8221; background_color=&#8221;RGBA(255,255,255,0)&#8221; text_orientation=&#8221;center&#8221; custom_padding=&#8221;||22px|||&#8221; global_colors_info=&#8221;{}&#8221;][et_pb_social_media_follow_network social_network=&#8221;instagram&#8221; url=&#8221;https:\/\/www.instagram.com\/cafepalacetallinn\/&#8221; icon_color=&#8221;#000000&#8243; _builder_version=&#8221;4.23.1&#8243; _module_preset=&#8221;default&#8221; background_color=&#8221;#f6f8eb&#8221; background_enable_color=&#8221;on&#8221; border_radii=&#8221;on|20px|20px|20px|20px&#8221; global_colors_info=&#8221;{}&#8221; follow_button=&#8221;off&#8221; url_new_window=&#8221;on&#8221;]instagram[\/et_pb_social_media_follow_network][et_pb_social_media_follow_network social_network=&#8221;google&#8221; url=&#8221;https:\/\/maps.app.goo.gl\/n8zbfyicCfoBrtG38&#8243; icon_color=&#8221;#000000&#8243; _builder_version=&#8221;4.23.1&#8243; _module_preset=&#8221;default&#8221; background_color=&#8221;#f6f8eb&#8221; background_enable_color=&#8221;on&#8221; border_radii=&#8221;on|20px|20px|20px|20px&#8221; global_colors_info=&#8221;{}&#8221; follow_button=&#8221;off&#8221; url_new_window=&#8221;on&#8221;]google[\/et_pb_social_media_follow_network][\/et_pb_social_media_follow][\/et_pb_column][\/et_pb_row][\/et_pb_section][et_pb_section fb_built=&#8221;1&#8243; disabled_on=&#8221;off|on|on&#8221; admin_label=&#8221;Header&#8221; _builder_version=&#8221;4.23.1&#8243; _module_preset=&#8221;default&#8221; use_background_color_gradient=&#8221;on&#8221; background_color_gradient_stops=&#8221;rgba(43,43,43,0.9) 0%|rgba(0,0,2,0.6) 98%&#8221; background_color_gradient_overlays_image=&#8221;on&#8221; background_image=&#8221;https:\/\/cafepalace.ee\/wp-content\/uploads\/2023\/10\/20230917_0162-Edit.jpg&#8221; custom_padding=&#8221;0vw||7px||false|false&#8221; animation_style=&#8221;fade&#8221; animation_duration=&#8221;1500ms&#8221; collapsed=&#8221;off&#8221; global_colors_info=&#8221;{}&#8221;][et_pb_row _builder_version=&#8221;4.23.1&#8243; _module_preset=&#8221;default&#8221; max_width=&#8221;none&#8221; module_alignment=&#8221;center&#8221; custom_margin=&#8221;|0px|-1vw|0px|false|false&#8221; custom_padding=&#8221;0px||||false|false&#8221; global_colors_info=&#8221;{}&#8221;][et_pb_column type=&#8221;4_4&#8243; _builder_version=&#8221;4.21.0&#8243; _module_preset=&#8221;default&#8221; global_colors_info=&#8221;{}&#8221;][et_pb_image src=&#8221;https:\/\/cafepalace.ee\/wp-content\/uploads\/2023\/10\/CAFEpalace-logo-white_transparent-background-e1698879590256.png&#8221; title_text=&#8221;CAFEpalace-logo white_transparent background&#8221; align=&#8221;center&#8221; _builder_version=&#8221;4.23.1&#8243; _module_preset=&#8221;default&#8221; max_width=&#8221;250%&#8221; module_alignment=&#8221;center&#8221; max_height=&#8221;349px&#8221; custom_margin=&#8221;||14px|||&#8221; custom_padding=&#8221;0px||0px|||&#8221; global_colors_info=&#8221;{}&#8221;][\/et_pb_image][et_pb_text _builder_version=&#8221;4.23.1&#8243; _module_preset=&#8221;default&#8221; text_text_color=&#8221;#FFFFFF&#8221; text_font_size=&#8221;15px&#8221; min_height=&#8221;191.4px&#8221; custom_margin=&#8221;11px||||false|false&#8221; custom_padding=&#8221;||3px||false|false&#8221; global_colors_info=&#8221;{}&#8221;]<\/p>\n<p style=\"text-align: center;\"><strong>Kontaktid<\/strong><\/p>\n<p style=\"text-align: center;\"><strong><\/strong><a href=\"tel.:+3726806655\">+372 680 6655<\/a><br \/><a href=\"mailto:info@cafepalace.ee\">info@cafepalace.ee<\/a><\/p>\n<p style=\"text-align: center;\"><strong><\/strong><\/p>\n<p style=\"text-align: center;\"><strong>Asukoht<\/strong><\/p>\n<p style=\"text-align: center;\"><a href=\"https:\/\/maps.app.goo.gl\/AkQjdJ9vXVSxzbYw5\">Vabaduse v\u00e4ljak 3, <\/a><span><a href=\"https:\/\/maps.app.goo.gl\/AkQjdJ9vXVSxzbYw5\">10141 Tallinn<\/a><br \/><\/span><\/p>\n<p>[\/et_pb_text][et_pb_code _builder_version=&#8221;4.23.1&#8243; _module_preset=&#8221;default&#8221; text_orientation=&#8221;center&#8221; custom_margin=&#8221;-30px|||||&#8221; global_colors_info=&#8221;{}&#8221;]<iframe src=\"https:\/\/www.google.com\/maps\/embed?pb=!1m14!1m8!1m3!1d8116.082802770983!2d24.7454912!3d59.4327293!3m2!1i1024!2i768!4f13.1!3m3!1m2!1s0x469295cb4a639421%3A0x6239794c3b7f987c!2sCafe%20Palace!5e0!3m2!1set!2see!4v1701947326293!5m2!1set!2see\" width=\"600\" height=\"450\" style=\"border:0;\" allowfullscreen=\"\" loading=\"lazy\" referrerpolicy=\"no-referrer-when-downgrade\"><\/iframe>[\/et_pb_code][et_pb_text _builder_version=&#8221;4.23.1&#8243; _module_preset=&#8221;default&#8221; text_text_color=&#8221;#FFFFFF&#8221; text_font_size=&#8221;16px&#8221; custom_margin=&#8221;||8px|||&#8221; custom_padding=&#8221;6px||55px|||&#8221; global_colors_info=&#8221;{}&#8221;]<\/p>\n<p style=\"text-align: center;\"><strong>HMP Hotellid O\u00dc<\/strong><\/p>\n<p style=\"text-align: center;\">Reg. code: 16027283<br \/>VAT: EE102282755<\/p>\n<p>[\/et_pb_text][et_pb_social_media_follow icon_color=&#8221;#f6f8eb&#8221; use_icon_font_size=&#8221;on&#8221; icon_font_size=&#8221;19px&#8221; _builder_version=&#8221;4.23.1&#8243; _module_preset=&#8221;default&#8221; background_color=&#8221;RGBA(255,255,255,0)&#8221; text_orientation=&#8221;center&#8221; custom_padding=&#8221;||22px|||&#8221; global_colors_info=&#8221;{}&#8221;][et_pb_social_media_follow_network social_network=&#8221;instagram&#8221; url=&#8221;https:\/\/www.instagram.com\/cafepalacetallinn\/&#8221; icon_color=&#8221;#000000&#8243; _builder_version=&#8221;4.23.1&#8243; _module_preset=&#8221;default&#8221; background_color=&#8221;#f6f8eb&#8221; background_enable_color=&#8221;on&#8221; border_radii=&#8221;on|20px|20px|20px|20px&#8221; global_colors_info=&#8221;{}&#8221; follow_button=&#8221;off&#8221; url_new_window=&#8221;on&#8221;]instagram[\/et_pb_social_media_follow_network][et_pb_social_media_follow_network social_network=&#8221;google&#8221; url=&#8221;https:\/\/maps.app.goo.gl\/n8zbfyicCfoBrtG38&#8243; icon_color=&#8221;#000000&#8243; _builder_version=&#8221;4.23.1&#8243; _module_preset=&#8221;default&#8221; background_color=&#8221;#f6f8eb&#8221; background_enable_color=&#8221;on&#8221; border_radii=&#8221;on|20px|20px|20px|20px&#8221; global_colors_info=&#8221;{}&#8221; follow_button=&#8221;off&#8221; url_new_window=&#8221;on&#8221;]google[\/et_pb_social_media_follow_network][\/et_pb_social_media_follow][\/et_pb_column][\/et_pb_row][\/et_pb_section][et_pb_section fb_built=&#8221;1&#8243; fullwidth=&#8221;on&#8221; _builder_version=&#8221;4.23.1&#8243; _module_preset=&#8221;default&#8221; background_color=&#8221;#000002&#8243; global_colors_info=&#8221;{}&#8221;][et_pb_fullwidth_code _builder_version=&#8221;4.23.1&#8243; _module_preset=&#8221;default&#8221; background_color=&#8221;#000002&#8243; custom_margin=&#8221;|100px||100px|false|false&#8221; custom_padding=&#8221;10px||||false|false&#8221; global_colors_info=&#8221;{}&#8221;]\t\t<div id=\"sbi_mod_error\" >\n\t\t\t<span>This error message is only visible to WordPress admins<\/span><br\/>\n\t\t\t<p><strong>Error: No feed with the ID 1 found.<\/strong>\n\t\t\t<p>Please go to the Instagram Feed settings page to create a feed.<\/p>\n\t\t<\/div>\n\t\t[\/et_pb_fullwidth_code][\/et_pb_section]<\/p>\n","protected":false},"excerpt":{"rendered":"<p>Kontaktid +372 680 6655info@cafepalace.ee Asukoht Vabaduse v\u00e4ljak 3, 10141 TallinnHMP Hotellid O\u00dc Reg. code: 16027283VAT: EE102282755Kontaktid +372 680 6655info@cafepalace.ee Asukoht Vabaduse v\u00e4ljak 3, 10141 TallinnHMP Hotellid O\u00dc Reg. code: 16027283VAT: EE102282755\t\t<div id=\"sbi_mod_error\" >\n\t\t\t<span>This error message is only visible to WordPress admins<\/span><br\/>\n\t\t\t<p><strong>Error: No feed with the ID 1 found.<\/strong>\n\t\t\t<p>Please go to the Instagram Feed settings page to create a feed.<\/p>\n\t\t<\/div>\n\t\t<\/p>","protected":false},"author":1,"featured_media":382,"parent":0,"menu_order":0,"comment_status":"closed","ping_status":"closed","template":"","meta":{"_acf_changed":false,"_et_pb_use_builder":"on","_et_pb_old_content":"","_et_gb_content_width":"","_monsterinsights_skip_tracking":false,"_monsterinsights_sitenote_active":false,"_monsterinsights_sitenote_note":"","_monsterinsights_sitenote_category":0,"_uf_show_specific_survey":0,"_uf_disable_surveys":false,"footnotes":""},"class_list":["post-366","page","type-page","status-publish","has-post-thumbnail","hentry"],"acf":[],"aioseo_notices":[],"_links":{"self":[{"href":"https:\/\/cafepalace.ee\/en\/wp-json\/wp\/v2\/pages\/366","targetHints":{"allow":["GET"]}}],"collection":[{"href":"https:\/\/cafepalace.ee\/en\/wp-json\/wp\/v2\/pages"}],"about":[{"href":"https:\/\/cafepalace.ee\/en\/wp-json\/wp\/v2\/types\/page"}],"author":[{"embeddable":true,"href":"https:\/\/cafepalace.ee\/en\/wp-json\/wp\/v2\/users\/1"}],"replies":[{"embeddable":true,"href":"https:\/\/cafepalace.ee\/en\/wp-json\/wp\/v2\/comments?post=366"}],"version-history":[{"count":30,"href":"https:\/\/cafepalace.ee\/en\/wp-json\/wp\/v2\/pages\/366\/revisions"}],"predecessor-version":[{"id":664,"href":"https:\/\/cafepalace.ee\/en\/wp-json\/wp\/v2\/pages\/366\/revisions\/664"}],"wp:featuredmedia":[{"embeddable":true,"href":"https:\/\/cafepalace.ee\/en\/wp-json\/wp\/v2\/media\/382"}],"wp:attachment":[{"href":"https:\/\/cafepalace.ee\/en\/wp-json\/wp\/v2\/media?parent=366"}],"curies":[{"name":"wp","href":"https:\/\/api.w.org\/{rel}","templated":true}]}}