{"id":1356,"date":"2025-02-07T08:17:58","date_gmt":"2025-02-07T08:17:58","guid":{"rendered":"https:\/\/cafepalace.ee\/?page_id=1356"},"modified":"2025-02-07T08:17:59","modified_gmt":"2025-02-07T08:17:59","slug":"muugitingimused","status":"publish","type":"page","link":"https:\/\/cafepalace.ee\/en\/muugitingimused\/","title":{"rendered":"Terms and conditions"},"content":{"rendered":"<p>The owner of the Cafe Palace online store is HMP Hotellid O\u00dc (registration code 16027283), with its\nregistered address at R\u00e4vala pst 3, 10143 Tallinn, Harju County.<\/p>\n\n\n\n<p><strong>The validity of the contract of sale, product, and price information<\/strong><br>The conditions of sale apply to purchases of goods from the online store.<br>The prices of the products sold in the online store are indicated next to the products. All prices are in\nEuros (\u20ac).<br>Product information is provided immediately adjacent to the product in the online store.<\/p>\n\n\n\n<p><strong>Placing an order<\/strong><br>To place an order, add the desired products to the shopping cart. To complete the order, fill in the\nrequired fields, and the total amount will be displayed on the screen. Payment can be made securely\nthrough the following payment methods:<\/p>\n\n\n\n<ul class=\"wp-block-list\">\n<li>Estonian bank payments<\/li>\n\n\n\n<li>Finnish bank payments<\/li>\n\n\n\n<li>Latvian bank payments<\/li>\n\n\n\n<li>Lithuanian bank payments<\/li>\n\n\n\n<li>Visa\/Mastercard card payments<\/li>\n\n\n\n<li>Apple Pay and Google Pay<\/li>\n<\/ul>\n\n\n\n<p>NB! When paying via the bank link, make sure to click the &quot;Back to Merchant&quot; button on the bank&#039;s\npage.<br>Payments are processed by Swedbank AS. Payment is made outside the online store in the bank&#039;s\nsecure environment. The seller does not have access to the customer&#039;s bank and credit card\ninformation. The contract is concluded once the payment has been received in the online store&#039;s\naccount. Once the payment is successful, the order will be confirmed via email.<\/p>\n\n\n\n<p><strong>Order Pickup and Returns<\/strong><br>Since the products sold are baked goods and perishable items, returns are not possible after the\nproduct has been received if the product has been opened or spoiled. If the ordered goods cannot be\ndelivered due to the item being out of stock or for any other reason, the customer will be notified as\nsoon as possible, and the paid amount will be refunded without delay, but no later than 14 days after sending the notice.<\/p>\n\n\n\n<p><strong>Defective goods<\/strong><br>The online store is responsible for the non-conformity or defects of the goods sold to the buyer, which\nexisted at the time of delivery and which appear within two years from the delivery of the goods to the\nbuyer. Within the first year after delivery, it is presumed that the defect existed at the time of delivery.\nThe online store is responsible for disproving this assumption.<br>The buyer has the right to contact the online store no later than two months after the defect appears,\nby sending an email to info.palacetallinn@radissonindividuals.com.<br>The online store is not responsible for defects that arise after the goods have been delivered to the\nbuyer, nor is the online store responsible if the goods have been damaged due to improper storage or\nhandling after they were received.<br>If the goods purchased from the online store have defects for which the online store is responsible,\nthe online store will replace the defective goods. If the goods cannot be replaced (e.g., perishable\nproducts), the online store will refund the buyer all fees related to the sales contract.<br>The online store will respond to the consumer's complaint in writing or in a form that allows for written reproduction within 15 days.<br>Upon receiving the goods, the buyer is obligated to immediately check the quantity and conformity of\nthe goods with the order. If the goods do not match the order or if there are significant damages to the\npackaging or products, the buyer must immediately notify the seller.<\/p>\n\n\n\n<p><strong>Direct marketing and processing of personal data<\/strong><br>The online store uses the personal data entered by the buyer solely for processing the order.<br>The online store will send newsletters and offers to the buyer\u2019s email address only if the buyer has\nexpressed consent by entering their email address on the website and indicating their preference to\nreceive direct mail notifications.<br>The buyer has the right to unsubscribe from email offers and newsletters at any time by notifying us\nvia email or following the instructions provided in the email containing the offers.<\/p>\n\n\n\n<p><strong>Dispute Resolution<\/strong><br>If the buyer has any complaints regarding the Online Store, they must be submitted via email to\ninfo.palacetallinn@radissonindividuals.com.<br>If the buyer and the Online Store are unable to resolve the dispute through negotiations, the buyer\nhas the right to turn to the Consumer Dispute Committee. The terms of the procedure and the\napplication process can be reviewed\u00a0<a href=\"https:\/\/ttja.ee\/tarbijavaidluste-komisjon\" target=\"_blank\" rel=\"noopener\" title=\"\">here<\/a>.<br>The Consumer Dispute Committee is authorized to\nresolve disputes arising from contracts concluded between the buyer and the Online Store. The\nreview of the buyer\u2019s complaint by the committee is free of charge.<br>The buyer may also refer the dispute to the European Union\u2019s Online Dispute Resolution\u00a0<a href=\"https:\/\/ec.europa.eu\/consumers\/odr\/main\/index.cfm?event=main.home2.show&amp;lng=ET\" target=\"_blank\" rel=\"noopener\" title=\"\">platform<\/a>.<\/p>","protected":false},"excerpt":{"rendered":"<p>Cafe Palace veebipoe omanik on HMP Hotellid O\u00dc (registrikood 16027283), juriidilise aadressiga R\u00e4vala pst 3, 10143 Tallinn, Harju maakond. M\u00fc\u00fcgilepingu kehtivus, kauba- ja hinnainfoM\u00fc\u00fcgitingimused kehtivad Veebipoest kaupade ostmisel.Veebipoes m\u00fc\u00fcdavate toodete hinnad on m\u00e4rgitud toodete juurde. K\u00f5ik veebipoes m\u00fc\u00fcdavate kaupade hinnad on eurodes.Teave kauba kohta on esitatud Veebipoes vahetult kauba juures. Tellimuse vormistamineKauba tellimiseks tuleb lisada [&hellip;]<\/p>\n","protected":false},"author":4,"featured_media":0,"parent":0,"menu_order":0,"comment_status":"closed","ping_status":"closed","template":"","meta":{"_acf_changed":false,"_et_pb_use_builder":"off","_et_pb_old_content":"","_et_gb_content_width":"1080","_monsterinsights_skip_tracking":false,"_monsterinsights_sitenote_active":false,"_monsterinsights_sitenote_note":"","_monsterinsights_sitenote_category":0,"_uf_show_specific_survey":0,"_uf_disable_surveys":false,"footnotes":""},"class_list":["post-1356","page","type-page","status-publish","hentry"],"acf":[],"aioseo_notices":[],"_links":{"self":[{"href":"https:\/\/cafepalace.ee\/en\/wp-json\/wp\/v2\/pages\/1356","targetHints":{"allow":["GET"]}}],"collection":[{"href":"https:\/\/cafepalace.ee\/en\/wp-json\/wp\/v2\/pages"}],"about":[{"href":"https:\/\/cafepalace.ee\/en\/wp-json\/wp\/v2\/types\/page"}],"author":[{"embeddable":true,"href":"https:\/\/cafepalace.ee\/en\/wp-json\/wp\/v2\/users\/4"}],"replies":[{"embeddable":true,"href":"https:\/\/cafepalace.ee\/en\/wp-json\/wp\/v2\/comments?post=1356"}],"version-history":[{"count":1,"href":"https:\/\/cafepalace.ee\/en\/wp-json\/wp\/v2\/pages\/1356\/revisions"}],"predecessor-version":[{"id":1357,"href":"https:\/\/cafepalace.ee\/en\/wp-json\/wp\/v2\/pages\/1356\/revisions\/1357"}],"wp:attachment":[{"href":"https:\/\/cafepalace.ee\/en\/wp-json\/wp\/v2\/media?parent=1356"}],"curies":[{"name":"wp","href":"https:\/\/api.w.org\/{rel}","templated":true}]}}